{"id":19,"date":"2018-11-11T12:59:16","date_gmt":"2018-11-11T12:59:16","guid":{"rendered":"http:\/\/reflexologie-rupp.ch\/?page_id=19"},"modified":"2024-05-05T13:04:23","modified_gmt":"2024-05-05T13:04:23","slug":"reflexologie","status":"publish","type":"page","link":"https:\/\/reflexologie-rupp.ch\/?page_id=19","title":{"rendered":"Methoden"},"content":{"rendered":"\n<div class=\"wp-block-columns is-layout-flex wp-container-core-columns-is-layout-9d6595d7 wp-block-columns-is-layout-flex\">\n<div class=\"wp-block-column is-layout-flow wp-block-column-is-layout-flow\" style=\"flex-basis:100%\">\n<div class=\"wp-block-group\"><div class=\"wp-block-group__inner-container is-layout-flow wp-block-group-is-layout-flow\">\n<div class=\"alignnormal\"><div id=\"metaslider-id-190\" style=\"width: 100%; margin: 0 auto;\" class=\"ml-slider-3-108-0 metaslider metaslider-flex metaslider-190 ml-slider has-dots-nav ms-theme-default\" role=\"region\" aria-label=\"Reflexologie\" data-height=\"300\" data-width=\"700\">\n    <div id=\"metaslider_container_190\">\n        <div id=\"metaslider_190\">\n            <ul class='slides'>\n                <li style=\"display: block; width: 100%;\" class=\"slide-201 ms-image \" aria-roledescription=\"slide\" data-date=\"2018-12-28 09:57:41\" data-filename=\"DSC_9867-2-700x300.png\" data-slide-type=\"image\"><img loading=\"lazy\" decoding=\"async\" src=\"https:\/\/reflexologie-rupp.ch\/wp-content\/uploads\/2018\/12\/DSC_9867-2-700x300.png\" height=\"300\" width=\"700\" alt=\"\" class=\"slider-190 slide-201 msDefaultImage\" title=\"DSC_9867\" \/><\/li>\n                <li style=\"display: none; width: 100%;\" class=\"slide-202 ms-image \" aria-roledescription=\"slide\" data-date=\"2018-12-28 09:57:41\" data-filename=\"DSC_9869-700x300.png\" data-slide-type=\"image\"><img loading=\"lazy\" decoding=\"async\" src=\"https:\/\/reflexologie-rupp.ch\/wp-content\/uploads\/2018\/12\/DSC_9869-700x300.png\" height=\"300\" width=\"700\" alt=\"\" class=\"slider-190 slide-202 msDefaultImage\" title=\"DSC_9869\" \/><\/li>\n                <li style=\"display: none; width: 100%;\" class=\"slide-203 ms-image \" aria-roledescription=\"slide\" data-date=\"2018-12-28 09:57:42\" data-filename=\"DSC_9875-2-700x300.png\" data-slide-type=\"image\"><img loading=\"lazy\" decoding=\"async\" src=\"https:\/\/reflexologie-rupp.ch\/wp-content\/uploads\/2018\/12\/DSC_9875-2-700x300.png\" height=\"300\" width=\"700\" alt=\"\" class=\"slider-190 slide-203 msDefaultImage\" title=\"DSC_9875\" \/><\/li>\n                <li style=\"display: none; width: 100%;\" class=\"slide-204 ms-image \" aria-roledescription=\"slide\" data-date=\"2018-12-28 09:57:42\" data-filename=\"DSC_9891-700x300.png\" data-slide-type=\"image\"><img loading=\"lazy\" decoding=\"async\" src=\"https:\/\/reflexologie-rupp.ch\/wp-content\/uploads\/2018\/12\/DSC_9891-700x300.png\" height=\"300\" width=\"700\" alt=\"\" class=\"slider-190 slide-204 msDefaultImage\" title=\"DSC_9891\" \/><\/li>\n                <li style=\"display: none; width: 100%;\" class=\"slide-205 ms-image \" aria-roledescription=\"slide\" data-date=\"2018-12-28 09:57:42\" data-filename=\"DSC_9894-e1545991637216-700x300.png\" data-slide-type=\"image\"><img loading=\"lazy\" decoding=\"async\" src=\"https:\/\/reflexologie-rupp.ch\/wp-content\/uploads\/2018\/12\/DSC_9894-e1545991637216-700x300.png\" height=\"300\" width=\"700\" alt=\"\" class=\"slider-190 slide-205 msDefaultImage\" title=\"DSC_9894\" \/><\/li>\n                <li style=\"display: none; width: 100%;\" class=\"slide-206 ms-image \" aria-roledescription=\"slide\" data-date=\"2018-12-28 09:57:42\" data-filename=\"DSC_9900-2-700x300.png\" data-slide-type=\"image\"><img loading=\"lazy\" decoding=\"async\" src=\"https:\/\/reflexologie-rupp.ch\/wp-content\/uploads\/2018\/12\/DSC_9900-2-700x300.png\" height=\"300\" width=\"700\" alt=\"\" class=\"slider-190 slide-206 msDefaultImage\" title=\"DSC_9900\" \/><\/li>\n                <li style=\"display: none; width: 100%;\" class=\"slide-208 ms-image \" aria-roledescription=\"slide\" data-date=\"2018-12-28 09:57:42\" data-filename=\"DSC_9939-700x300.png\" data-slide-type=\"image\"><img loading=\"lazy\" decoding=\"async\" src=\"https:\/\/reflexologie-rupp.ch\/wp-content\/uploads\/2018\/12\/DSC_9939-700x300.png\" height=\"300\" width=\"700\" alt=\"\" class=\"slider-190 slide-208 msDefaultImage\" title=\"DSC_9939\" \/><\/li>\n                <li style=\"display: none; width: 100%;\" class=\"slide-209 ms-image \" aria-roledescription=\"slide\" data-date=\"2018-12-28 09:57:42\" data-filename=\"DSC_9965-2-700x300.png\" data-slide-type=\"image\"><img loading=\"lazy\" decoding=\"async\" src=\"https:\/\/reflexologie-rupp.ch\/wp-content\/uploads\/2018\/12\/DSC_9965-2-700x300.png\" height=\"300\" width=\"700\" alt=\"\" class=\"slider-190 slide-209 msDefaultImage\" title=\"DSC_9965\" \/><\/li>\n                <li style=\"display: none; width: 100%;\" class=\"slide-210 ms-image \" aria-roledescription=\"slide\" data-date=\"2018-12-28 09:57:42\" data-filename=\"DSC_9966-700x300.png\" data-slide-type=\"image\"><img loading=\"lazy\" decoding=\"async\" src=\"https:\/\/reflexologie-rupp.ch\/wp-content\/uploads\/2018\/12\/DSC_9966-700x300.png\" height=\"300\" width=\"700\" alt=\"\" class=\"slider-190 slide-210 msDefaultImage\" title=\"DSC_9966\" \/><\/li>\n            <\/ul>\n        <\/div>\n        \n    <\/div>\n<\/div><\/div>\n<\/div><\/div>\n<\/div>\n<\/div>\n\n\n\n<p><strong>Ayurvedische Fussmassage<\/strong><\/p>\n\n\n\n<p>Die indische Fussmassage ist eine \u00d6l-Massage Behandlung der F\u00fcsse, Unterschenkel und Knie. Dabei werden verschiedene Marmapunkte (Energiepunkte) stimuliert, die den Energiefluss im K\u00f6rper (Prana) anregen und dadurch einen positiven Einfluss auf den ganzen K\u00f6rper haben.<\/p>\n\n\n\n<p>Wie wirkt eine ayurvedische Fussmassage:<\/p>\n\n\n\n<p>&nbsp;&nbsp;&nbsp;&nbsp;&nbsp;&nbsp;&nbsp;&nbsp; Hilft bei K\u00f6rperliche Beschwerden<\/p>\n\n\n\n<p>&nbsp;&nbsp;&nbsp;&nbsp;&nbsp;&nbsp;&nbsp;&nbsp; Entspannungs-\/ Schlafproblemen<\/p>\n\n\n\n<p>&nbsp;&nbsp;&nbsp;&nbsp;&nbsp;&nbsp;&nbsp;&nbsp; Beruhigt Gedankenkreisen und kann seelische Blockaden l\u00f6sen<\/p>\n\n\n\n<p>\u00a0\u00a0\u00a0\u00a0\u00a0\u00a0\u00a0\u00a0 Hilft bei trockenen, rauen und m\u00fcden F\u00fcssen<\/p>\n\n\n\n<p><\/p>\n\n\n\n<p><strong>Reflexzonen-Therapie<\/strong><\/p>\n\n\n\n<p>Reflexzonen gibt es F\u00fcssen, Ohren, H\u00e4nden und auf den Akupunkturpunkten entlang der Meridiane.<\/p>\n\n\n\n<p>Man massiert dabei je nach Beschwerde Bild die entsprechenden Zonen.<\/p>\n\n\n\n<p><\/p>\n\n\n\n<p><strong>Aroma-Anwendungen<br><\/strong>Die Aromatherapie nutzt \u00e4therische \u00d6le ( wie wir es z. B. von Lavendel kennen) um k\u00f6rperliche und mentale Beschwerden zu verbessern.<\/p>\n\n\n\n<p>Aroma -Anwendungen sind immer individuell auf den jeweiligen Menschen abgestimmt. Zusammen schauen wir, welche \u00d6le in Frage kommen und welche Anwendung umstetzbar ist. Dabei entstehen Anwendungen wie:<\/p>\n\n\n\n<p>K\u00f6rper-, Gesichts \u00f6l<\/p>\n\n\n\n<p>Duft Roll-on<\/p>\n\n\n\n<p>Kragenspray und vieles mehr<\/p>\n\n\n\n<p><\/p>\n\n\n\n<p><\/p>\n","protected":false},"excerpt":{"rendered":"<p>Ayurvedische Fussmassage Die indische Fussmassage ist eine \u00d6l-Massage Behandlung der F\u00fcsse, Unterschenkel und Knie. Dabei werden verschiedene Marmapunkte (Energiepunkte) stimuliert, die den Energiefluss im K\u00f6rper (Prana) anregen und dadurch einen positiven Einfluss auf den ganzen K\u00f6rper haben. Wie wirkt eine ayurvedische Fussmassage: &nbsp;&nbsp;&nbsp;&nbsp;&nbsp;&nbsp;&nbsp;&nbsp; Hilft bei K\u00f6rperliche Beschwerden &nbsp;&nbsp;&nbsp;&nbsp;&nbsp;&nbsp;&nbsp;&nbsp; Entspannungs-\/ Schlafproblemen &nbsp;&nbsp;&nbsp;&nbsp;&nbsp;&nbsp;&nbsp;&nbsp; Beruhigt Gedankenkreisen und kann &hellip; <\/p>\n<p class=\"link-more\"><a href=\"https:\/\/reflexologie-rupp.ch\/?page_id=19\" class=\"more-link\"><span class=\"screen-reader-text\">\u201eMethoden\u201c <\/span>weiterlesen<\/a><\/p>\n","protected":false},"author":1,"featured_media":0,"parent":0,"menu_order":0,"comment_status":"closed","ping_status":"closed","template":"","meta":{"footnotes":""},"class_list":["post-19","page","type-page","status-publish","hentry"],"_links":{"self":[{"href":"https:\/\/reflexologie-rupp.ch\/index.php?rest_route=\/wp\/v2\/pages\/19","targetHints":{"allow":["GET"]}}],"collection":[{"href":"https:\/\/reflexologie-rupp.ch\/index.php?rest_route=\/wp\/v2\/pages"}],"about":[{"href":"https:\/\/reflexologie-rupp.ch\/index.php?rest_route=\/wp\/v2\/types\/page"}],"author":[{"embeddable":true,"href":"https:\/\/reflexologie-rupp.ch\/index.php?rest_route=\/wp\/v2\/users\/1"}],"replies":[{"embeddable":true,"href":"https:\/\/reflexologie-rupp.ch\/index.php?rest_route=%2Fwp%2Fv2%2Fcomments&post=19"}],"version-history":[{"count":8,"href":"https:\/\/reflexologie-rupp.ch\/index.php?rest_route=\/wp\/v2\/pages\/19\/revisions"}],"predecessor-version":[{"id":391,"href":"https:\/\/reflexologie-rupp.ch\/index.php?rest_route=\/wp\/v2\/pages\/19\/revisions\/391"}],"wp:attachment":[{"href":"https:\/\/reflexologie-rupp.ch\/index.php?rest_route=%2Fwp%2Fv2%2Fmedia&parent=19"}],"curies":[{"name":"wp","href":"https:\/\/api.w.org\/{rel}","templated":true}]}}