{"id":12,"date":"2018-11-11T12:56:21","date_gmt":"2018-11-11T12:56:21","guid":{"rendered":"http:\/\/reflexologie-rupp.ch\/?page_id=12"},"modified":"2026-02-11T16:10:24","modified_gmt":"2026-02-11T16:10:24","slug":"home","status":"publish","type":"page","link":"https:\/\/reflexologie-rupp.ch\/","title":{"rendered":"Willkommen"},"content":{"rendered":"\n<div class=\"alignnormal\"><div id=\"metaslider-id-79\" style=\"width: 100%; margin: 0 auto;\" class=\"ml-slider-3-108-0 metaslider metaslider-flex metaslider-79 ml-slider has-dots-nav ms-theme-default\" role=\"region\" aria-label=\"Home\" data-height=\"300\" data-width=\"700\">\n    <div id=\"metaslider_container_79\">\n        <div id=\"metaslider_79\">\n            <ul class='slides'>\n                <li style=\"display: block; width: 100%;\" class=\"slide-106 ms-image \" aria-roledescription=\"slide\" data-date=\"2018-12-15 10:01:29\" data-filename=\"DSC9867-700x300.png\" data-slide-type=\"image\"><img loading=\"lazy\" decoding=\"async\" src=\"https:\/\/reflexologie-rupp.ch\/wp-content\/uploads\/2018\/12\/DSC9867-700x300.png\" height=\"300\" width=\"700\" alt=\"\" class=\"slider-79 slide-106 msDefaultImage\" title=\"DSC9867\" \/><\/li>\n                <li style=\"display: none; width: 100%;\" class=\"slide-107 ms-image \" aria-roledescription=\"slide\" data-date=\"2018-12-15 10:01:29\" data-filename=\"DSC9875-700x300.png\" data-slide-type=\"image\"><img loading=\"lazy\" decoding=\"async\" src=\"https:\/\/reflexologie-rupp.ch\/wp-content\/uploads\/2018\/12\/DSC9875-700x300.png\" height=\"300\" width=\"700\" alt=\"\" class=\"slider-79 slide-107 msDefaultImage\" title=\"DSC9875\" \/><\/li>\n                <li style=\"display: none; width: 100%;\" class=\"slide-108 ms-image \" aria-roledescription=\"slide\" data-date=\"2018-12-15 10:01:29\" data-filename=\"DSC9900-700x300.png\" data-slide-type=\"image\"><img loading=\"lazy\" decoding=\"async\" src=\"https:\/\/reflexologie-rupp.ch\/wp-content\/uploads\/2018\/12\/DSC9900-700x300.png\" height=\"300\" width=\"700\" alt=\"\" class=\"slider-79 slide-108 msDefaultImage\" title=\"DSC9900\" \/><\/li>\n                <li style=\"display: none; width: 100%;\" class=\"slide-109 ms-image \" aria-roledescription=\"slide\" data-date=\"2018-12-15 10:01:29\" data-filename=\"DSC9943-700x300.png\" data-slide-type=\"image\"><img loading=\"lazy\" decoding=\"async\" src=\"https:\/\/reflexologie-rupp.ch\/wp-content\/uploads\/2018\/12\/DSC9943-700x300.png\" height=\"300\" width=\"700\" alt=\"\" class=\"slider-79 slide-109 msDefaultImage\" title=\"DSC9943\" \/><\/li>\n                <li style=\"display: none; width: 100%;\" class=\"slide-110 ms-image \" aria-roledescription=\"slide\" data-date=\"2018-12-15 10:01:30\" data-filename=\"DSC9965-700x300.png\" data-slide-type=\"image\"><img loading=\"lazy\" decoding=\"async\" src=\"https:\/\/reflexologie-rupp.ch\/wp-content\/uploads\/2018\/12\/DSC9965-700x300.png\" height=\"300\" width=\"700\" alt=\"\" class=\"slider-79 slide-110 msDefaultImage\" title=\"DSC9965\" \/><\/li>\n            <\/ul>\n        <\/div>\n        \n    <\/div>\n<\/div><\/div>\n\n\n<h4 style=\"text-align: center;\">Sch\u00f6n, dass sie mich gefunden haben<\/h4>\n<p style=\"text-align: center;\">____<\/p>\n<p style=\"text-align: center;\">Ich begleite sie, um ihre Gesundheit und ihr Wohlbefinden zu St\u00e4rken<\/p>\n<p style=\"text-align: center;\">Ich unterst\u00fctze sie, neue Wege zu gehen<\/p>\n<p style=\"text-align: center;\">Ich helfe Raum zu schaffen, um alte Muster zu erkennen und loszulassen<\/p>\n<p style=\"text-align: center;\">_____<\/p>\n<p style=\"text-align: center;\"><strong><span style=\"color: #384059;\">Ver\u00e4nderung beginnt in uns, handeln wir mit Herz und Gesp\u00fcr<\/span><\/strong><\/p>\n<p style=\"text-align: center;\">_____<\/p>\n<p style=\"text-align: center;\">Ich freue mich, sie auf ihrem Weg ein St\u00fcck begleiten zu d\u00fcrfen<\/p>","protected":false},"excerpt":{"rendered":"<p>Sch\u00f6n, dass sie mich gefunden haben ____ Ich begleite sie, um ihre Gesundheit und ihr Wohlbefinden zu St\u00e4rken Ich unterst\u00fctze sie, neue Wege zu gehen Ich helfe Raum zu schaffen, um alte Muster zu erkennen und loszulassen _____ Ver\u00e4nderung beginnt in uns, handeln wir mit Herz und Gesp\u00fcr _____ Ich freue mich, sie auf ihrem &hellip; <\/p>\n<p class=\"link-more\"><a href=\"https:\/\/reflexologie-rupp.ch\/\" class=\"more-link\"><span class=\"screen-reader-text\">\u201eWillkommen\u201c <\/span>weiterlesen<\/a><\/p>\n","protected":false},"author":1,"featured_media":0,"parent":0,"menu_order":0,"comment_status":"closed","ping_status":"closed","template":"","meta":{"footnotes":""},"class_list":["post-12","page","type-page","status-publish","hentry"],"_links":{"self":[{"href":"https:\/\/reflexologie-rupp.ch\/index.php?rest_route=\/wp\/v2\/pages\/12","targetHints":{"allow":["GET"]}}],"collection":[{"href":"https:\/\/reflexologie-rupp.ch\/index.php?rest_route=\/wp\/v2\/pages"}],"about":[{"href":"https:\/\/reflexologie-rupp.ch\/index.php?rest_route=\/wp\/v2\/types\/page"}],"author":[{"embeddable":true,"href":"https:\/\/reflexologie-rupp.ch\/index.php?rest_route=\/wp\/v2\/users\/1"}],"replies":[{"embeddable":true,"href":"https:\/\/reflexologie-rupp.ch\/index.php?rest_route=%2Fwp%2Fv2%2Fcomments&post=12"}],"version-history":[{"count":14,"href":"https:\/\/reflexologie-rupp.ch\/index.php?rest_route=\/wp\/v2\/pages\/12\/revisions"}],"predecessor-version":[{"id":399,"href":"https:\/\/reflexologie-rupp.ch\/index.php?rest_route=\/wp\/v2\/pages\/12\/revisions\/399"}],"wp:attachment":[{"href":"https:\/\/reflexologie-rupp.ch\/index.php?rest_route=%2Fwp%2Fv2%2Fmedia&parent=12"}],"curies":[{"name":"wp","href":"https:\/\/api.w.org\/{rel}","templated":true}]}}